{"id":7461,"date":"2024-02-13T13:55:11","date_gmt":"2024-02-13T13:55:11","guid":{"rendered":"https:\/\/www.mindlab.hr\/cookie-notice\/"},"modified":"2024-11-21T13:08:53","modified_gmt":"2024-11-21T13:08:53","slug":"cookie-notice","status":"publish","type":"page","link":"https:\/\/www.mindlab.hr\/en\/cookie-notice\/","title":{"rendered":"Cookie notice"},"content":{"rendered":"<p>[et_pb_section fb_built=&#8221;1&#8243; admin_label=&#8221;Header&#8221; _builder_version=&#8221;4.24.0&#8243; _module_preset=&#8221;default&#8221; background_color=&#8221;#f2f2f2&#8243; locked=&#8221;off&#8221; global_colors_info=&#8221;{}&#8221;][et_pb_row _builder_version=&#8221;4.24.0&#8243; _module_preset=&#8221;default&#8221; global_colors_info=&#8221;{}&#8221;][et_pb_column type=&#8221;4_4&#8243; _builder_version=&#8221;4.16&#8243; _module_preset=&#8221;default&#8221; custom_padding=&#8221;16%||||false|false&#8221; global_colors_info=&#8221;{}&#8221;][et_pb_text _builder_version=&#8221;4.24.0&#8243; _dynamic_attributes=&#8221;content&#8221; _module_preset=&#8221;default&#8221; text_font=&#8221;Cormorant Garamond|600|||||||&#8221; text_text_color=&#8221;#1f2a4b&#8221; text_font_size=&#8221;74px&#8221; text_line_height=&#8221;1em&#8221; header_font=&#8221;Cormorant Garamond|600|||||||&#8221; header_text_color=&#8221;#1f2a4b&#8221; header_font_size=&#8221;74px&#8221; header_2_font=&#8221;Montserrat|500||on|||||&#8221; header_2_text_color=&#8221;rgba(0,0,0,0.4)&#8221; header_2_font_size=&#8221;12px&#8221; header_2_letter_spacing=&#8221;1px&#8221; header_2_line_height=&#8221;1.8em&#8221; text_font_size_tablet=&#8221;48px&#8221; text_font_size_phone=&#8221;28px&#8221; text_font_size_last_edited=&#8221;on|desktop&#8221; header_font_tablet=&#8221;&#8221; header_font_phone=&#8221;&#8221; header_font_last_edited=&#8221;on|desktop&#8221; header_font_size_tablet=&#8221;48px&#8221; header_font_size_phone=&#8221;28px&#8221; header_font_size_last_edited=&#8221;on|desktop&#8221; global_colors_info=&#8221;{}&#8221;]@ET-DC@eyJkeW5hbWljIjp0cnVlLCJjb250ZW50IjoicG9zdF90aXRsZSIsInNldHRpbmdzIjp7ImJlZm9yZSI6IjxoMT4iLCJhZnRlciI6IjxcL2gxPiJ9fQ==@[\/et_pb_text][\/et_pb_column][\/et_pb_row][\/et_pb_section][et_pb_section fb_built=&#8221;1&#8243; admin_label=&#8221;Product Detail&#8221; module_class=&#8221;has-bottom-section-radiuses radius-section-gray last-radius-section&#8221; _builder_version=&#8221;4.24.0&#8243; _module_preset=&#8221;default&#8221; background_color=&#8221;#f2f2f2&#8243; overflow-x=&#8221;hidden&#8221; overflow-y=&#8221;hidden&#8221; global_colors_info=&#8221;{}&#8221;][et_pb_row module_class=&#8221;legal-page-content-row&#8221; _builder_version=&#8221;4.24.0&#8243; _module_preset=&#8221;default&#8221; global_colors_info=&#8221;{}&#8221;][et_pb_column type=&#8221;4_4&#8243; module_class=&#8221;legal-page-content-column&#8221; _builder_version=&#8221;4.24.0&#8243; _module_preset=&#8221;default&#8221; background_color=&#8221;#ffffff&#8221; z_index=&#8221;11&#8243; custom_padding=&#8221;60px|30px|60px|30px|true|true&#8221; custom_padding_tablet=&#8221;&#8221; custom_padding_phone=&#8221;30px|20px|30px|20px|true|true&#8221; custom_padding_last_edited=&#8221;on|phone&#8221; scroll_vertical_motion=&#8221;0|100|100|100|4|0|0&#8243; scroll_vertical_motion_tablet=&#8221;0|100|100|100|0|0|0&#8243; scroll_vertical_motion_phone=&#8221;&#8221; scroll_vertical_motion_last_edited=&#8221;on|tablet&#8221; border_radii=&#8221;on|28px|28px|28px|28px&#8221; global_colors_info=&#8221;{}&#8221;][et_pb_text _builder_version=&#8221;4.24.0&#8243; _module_preset=&#8221;default&#8221; global_colors_info=&#8221;{}&#8221;]<a href=\"http:\/\/www.mindlab.hr\">www.mindlab.hr<\/a> (hereinafter: pages) uses the so-called &#8220;cookies&#8221; ( <em>eng. cookies <\/em>).<br \/>\nU tekstu u nastavku mo\u017eete saznati vi\u0161e o kola\u010di\u0107ima, kako ih koristimo i kako ih mo\u017eete kontrolirati.<br \/>\nKako bi stranice radile ispravno, te kako bi ih se moglo unaprje\u0111ivati u svrhu pobolj\u0161anja Va\u0161eg korisni\u010dkog iskustva, potrebno je minimalnu koli\u010dinu informacija (kola\u010di\u0107e) spremiti na Va\u0161e ra\u010dunalo.<br \/>\nVi\u0161e od 90% internetskih stranica koristi praksu kola\u010di\u0107a, te su one po pravilima Europske unije obvezne zatra\u017eiti pristanak korisnika.<br \/>\nZakon dopu\u0161ta spremanje kola\u010di\u0107a na Va\u0161 ure\u0111aj ako je izri\u010dito potreban za rad stranica, a za sve ostale vrste kola\u010di\u0107a potrebno nam je va\u0161e dopu\u0161tenje.<br \/>\nStranice koriste kola\u010di\u0107e kako bismo Vam personalizirali sadr\u017eaj i oglase, omogu\u0107ili zna\u010dajke dru\u0161tvenih medija i analizirali promet.<br \/>\nKori\u0161tenjem stranica pristajete na upotrebu kola\u010di\u0107a u skladu s ovom Obavijesti o kola\u010di\u0107ima.<br \/>\nAko ne pristajete na upotrebu svih ili nekih od kola\u010di\u0107a na stranicama, mo\u017eete ih onemogu\u0107iti prate\u0107i upute u ovoj Obavijesti o kola\u010di\u0107ima, kako bi se kola\u010di\u0107i sa stranica prestali pohranjivati na Va\u0161 ure\u0111aj.         &nbsp;<\/p>\n<h5><span style=\"color: #7f7f7f;\"><strong>What are cookies?<br \/><\/strong><\/span><\/h5>\n<p> Cookies are small text files that your internet browser saves on your device when you visit a website. Cookies are then sent back to the original website each time you next visit that website. Cookies serve as a memory for that website, which enables your device to be recognized when you visit that website again, in order to display information tailored specifically to you. Cookies make it easier to use a website, since they save your settings for it, and activate them again when the page is restarted. In this way, the information you see is adapted to your needs and usual ways of use. From simple information about settings, cookies can store a large amount of your personal information (for example, your name, e-mail address, etc.), for which you need to give them access. If you have not enabled them, cookies cannot access the files on your computer. The activities of saving and sending cookies are not visible to you, however, you can select the option of approving\/rejecting requests to save cookies, deleting saved cookies and other activities related to the use of cookies in the settings of the selected Internet browser. More information about cookies, including explanations of how to see which cookies have been placed on your device, and how to manage and delete them, can be found on the website <a href=\"http:\/\/www.aboutcookies.org\/\">www.aboutcookies.org<\/a>.         &nbsp;<\/p>\n<h5><span style=\"color: #7f7f7f;\"><strong>What cookies do the sites use and why?<\/strong><\/span><\/h5>\n<ul>\n<li><em>Temporary cookies (eng. session cookies) &#8211; <\/em>We use temporary cookies that exist on your device until you close your internet browser. They are necessary for the correct operation of the pages, and allow the storage of temporary data. <\/li>\n<li><em>Persistent cookies &#8211; <\/em>We use permanent cookies that have a defined duration and remain on your device until they expire or until you delete them. Most often, they remain even after you close your internet browser. With their help, pages store more permanent data, to make it easier for you to use them. These data are anonymous and do not include your private data.   <\/li>\n<li><em>Necesarry cookies<\/em> &#8211; We use necessary cookies that are necessary for the proper functioning of the pages, in order to enable certain technical features and thus provide you with a positive user experience. Necessary cookies make pages usable by enabling basic functions (for example, page navigation, access to protected areas, etc.). The pages cannot function properly without these cookies.  <\/li>\n<li><em>Analytics cookies<\/em> &#8211; We use analytical cookies that enable us to perform web analytics, i.e. analysis of page usage and measurement of visits. They help us to understand how our visitors interact with the site, with the help of anonymous collection and sending of data. We conduct it in order to improve the quality and content of the offered products and services.  <\/li>\n<li><em>Marketing cookies<\/em> &#8211; We use marketing cookies to track site visitors. They are used to show ads that are relevant to a particular user and encourage them to participate, which is important for publishers and third-party advertisers. <\/li>\n<li><em>Unclassified cookies<\/em> &#8211; We use unclassified cookies, which are in the process of classification in combination with individual cookie service providers.<\/li>\n<\/ul>\n<p><strong> <\/strong><\/p>\n<h5><span style=\"color: #7f7f7f;\"><strong>Third party cookies<\/strong><\/span><\/h5>\n<p> The Sites currently allow several third-party cookies to be placed on your device. These cookies are not set or controlled by the site, but rather come from other websites located on the site. They serve for the smooth use of features that provide you with easy access to the content on the pages. For more information on how third parties use cookies, please visit the respective third party websites. The third-party cookies used on the pages are listed below:     <\/p>\n<ul>\n<li><em>Google Analytics <\/em>(uvjeti kori\u0161tenja: <a href=\"http:\/\/www.google.com\/policies\/privacy\">http:\/\/www.google.com\/policies\/privacy<\/a>; promjena postavki i onemogu\u0107avanje kola\u010di\u0107a: <a href=\"https:\/\/tools.google.com\/dlpage\/gaoptout\">https:\/\/tools.google.com\/dlpage\/gaoptout<\/a>).<\/li>\n<li><em>Google Adwords<\/em> (uvjeti kori\u0161tenja: <a href=\"https:\/\/policies.google.com\/privacy?hl=hr\">https:\/\/policies.google.com\/privacy?hl=hr<\/a>; promjena postavki i onemogu\u0107avanje sadr\u017eaja: <a href=\"https:\/\/adssettings.google.com\/authenticated?hl=hr\">https:\/\/adssettings.google.com\/authenticated?hl=hr<\/a>)<\/li>\n<li><em>Facebook Pixel<\/em> (uvjeti kori\u0161tenja: <a href=\"https:\/\/www.facebook.com\/privacy\/explanation\">https:\/\/www.facebook.com\/privacy\/explanation<\/a>; promjena postavki i onemogu\u0107avanje sadr\u017eaja: <a href=\"https:\/\/www.facebook.com\/ads\/preferences\/\">https:\/\/www.facebook.com\/ads\/preferences\/<\/a>)<\/li>\n<\/ul>\n<p><strong> <\/strong><\/p>\n<h5><span style=\"color: #7f7f7f;\"><strong>Kako kontrolirati i obrisati kola\u010di\u0107e<\/strong><\/span><\/h5>\n<p> Ve\u0107ina internetskih preglednika prihva\u0107a kola\u010di\u0107e, ali obi\u010dno mo\u017eete promijeniti postavke Va\u0161eg internetskog preglednika da odbija nove kola\u010di\u0107e, onemogu\u0107i postoje\u0107e, ili da Vas jednostavno obavijesti kad su novi kola\u010di\u0107i poslani na Va\u0161 ure\u0111aj. Kako biste postavili Va\u0161 internetski preglednik da odbija kola\u010di\u0107e, pogledajte upute o pomo\u0107i davatelja internetskog preglednika (koje se ina\u010de nalaze pod izbornicima &#8220;Pomo\u0107&#8221;, &#8220;Alati&#8221; ili &#8220;Uredi&#8221;). Detaljnije upute mo\u017eete na\u0107i na stranici <a href=\"http:\/\/www.aboutcookies.org\/\">www.aboutcookies.org<\/a>. U slu\u010daju da odbijete ili onemogu\u0107ite kola\u010di\u0107e, i dalje mo\u017eete pregledavati stranice, me\u0111utim napominjemo da se njihove odre\u0111ene funkcionalnosti mogu izgubiti. Dru\u0161tvo isklju\u010duje svaku odgovornost za bilo kakav gubitak funkcionalnosti i\/ili kvalitete sadr\u017eaja stranica u svim slu\u010dajevima odabira regulacije primanja kola\u010di\u0107a od strane korisnika. Osim toga, onemogu\u0107avanje kola\u010di\u0107a ili kategorije kola\u010di\u0107a ne bri\u0161e kola\u010di\u0107 iz Va\u0161eg internetskog preglednika. To morate u\u010diniti sami u izborniku Va\u0161eg internetskog preglednika. Mo\u017eete obnoviti ili izmijeniti svoju privolu za kola\u010di\u0107e klikom na gumb &#8220;Kola\u010di\u0107i \/ Cookies&#8221; u donjem desnom kutu.        <strong> <\/strong><\/p>\n<h5><span style=\"color: #7f7f7f;\"><strong>Promjene na\u0161e upotrebe kola\u010di\u0107a<\/strong><\/span><\/h5>\n<p> Bilo kakve promjene na\u0161e upotrebe kola\u010di\u0107a objavit \u0107e se ovdje. &nbsp;<\/p>\n<h5><span style=\"color: #7f7f7f;\"><strong>Podaci za kontakt<\/strong><\/span><\/h5>\n<p> Ako imate bilo kakvih pitanja vezano za ovu obavijest, molimo Vas kontaktirajte nas na <a href=\"mailto:info@mindlab.hr\">info@mindlab.hr<\/a>.[\/et_pb_text][\/et_pb_column][\/et_pb_row][\/et_pb_section]<\/p>\n","protected":false},"excerpt":{"rendered":"<p>www.mindlab.hr (hereinafter: pages) uses the so-called &#8220;cookies&#8221; ( eng. cookies ). U tekstu u nastavku mo\u017eete saznati vi\u0161e o kola\u010di\u0107ima, kako ih koristimo i kako ih mo\u017eete kontrolirati. Kako bi stranice radile ispravno, te kako bi ih se moglo unaprje\u0111ivati u svrhu pobolj\u0161anja Va\u0161eg korisni\u010dkog iskustva, potrebno je minimalnu koli\u010dinu informacija (kola\u010di\u0107e) spremiti na Va\u0161e [&hellip;]<\/p>\n","protected":false},"author":1,"featured_media":10193,"parent":0,"menu_order":0,"comment_status":"closed","ping_status":"closed","template":"","meta":{"_acf_changed":false,"_et_pb_use_builder":"on","_et_pb_old_content":"","_et_gb_content_width":"","inline_featured_image":false,"footnotes":""},"categories":[],"tags":[],"class_list":["post-7461","page","type-page","status-publish","has-post-thumbnail","hentry"],"acf":[],"yoast_head":"<!-- This site is optimized with the Yoast SEO plugin v27.3 - https:\/\/yoast.com\/product\/yoast-seo-wordpress\/ -->\n<title>Cookie notice - Mind Lab<\/title>\n<meta name=\"robots\" content=\"index, follow, max-snippet:-1, max-image-preview:large, max-video-preview:-1\" \/>\n<link rel=\"canonical\" href=\"https:\/\/www.mindlab.hr\/en\/cookie-notice\/\" \/>\n<meta property=\"og:locale\" content=\"en_US\" \/>\n<meta property=\"og:type\" content=\"article\" \/>\n<meta property=\"og:title\" content=\"Cookie notice - Mind Lab\" \/>\n<meta property=\"og:description\" content=\"www.mindlab.hr (hereinafter: pages) uses the so-called &quot;cookies&quot; ( eng. cookies ). U tekstu u nastavku mo\u017eete saznati vi\u0161e o kola\u010di\u0107ima, kako ih koristimo i kako ih mo\u017eete kontrolirati. Kako bi stranice radile ispravno, te kako bi ih se moglo unaprje\u0111ivati u svrhu pobolj\u0161anja Va\u0161eg korisni\u010dkog iskustva, potrebno je minimalnu koli\u010dinu informacija (kola\u010di\u0107e) spremiti na Va\u0161e [&hellip;]\" \/>\n<meta property=\"og:url\" content=\"https:\/\/www.mindlab.hr\/en\/cookie-notice\/\" \/>\n<meta property=\"og:site_name\" content=\"Mind Lab\" \/>\n<meta property=\"article:publisher\" content=\"https:\/\/www.facebook.com\/mindlab.doo\/\" \/>\n<meta property=\"article:modified_time\" content=\"2024-11-21T13:08:53+00:00\" \/>\n<meta property=\"og:image\" content=\"https:\/\/www.mindlab.hr\/wp-content\/uploads\/2024\/11\/placeholder-default.png\" \/>\n\t<meta property=\"og:image:width\" content=\"1920\" \/>\n\t<meta property=\"og:image:height\" content=\"1080\" \/>\n\t<meta property=\"og:image:type\" content=\"image\/png\" \/>\n<meta name=\"twitter:card\" content=\"summary_large_image\" \/>\n<meta name=\"twitter:site\" content=\"@MindLab_doo\" \/>\n<meta name=\"twitter:label1\" content=\"Est. reading time\" \/>\n\t<meta name=\"twitter:data1\" content=\"7 minutes\" \/>\n<script type=\"application\/ld+json\" class=\"yoast-schema-graph\">{\"@context\":\"https:\\\/\\\/schema.org\",\"@graph\":[{\"@type\":\"WebPage\",\"@id\":\"https:\\\/\\\/www.mindlab.hr\\\/en\\\/cookie-notice\\\/\",\"url\":\"https:\\\/\\\/www.mindlab.hr\\\/en\\\/cookie-notice\\\/\",\"name\":\"Cookie notice - Mind Lab\",\"isPartOf\":{\"@id\":\"https:\\\/\\\/www.mindlab.hr\\\/en\\\/#website\"},\"primaryImageOfPage\":{\"@id\":\"https:\\\/\\\/www.mindlab.hr\\\/en\\\/cookie-notice\\\/#primaryimage\"},\"image\":{\"@id\":\"https:\\\/\\\/www.mindlab.hr\\\/en\\\/cookie-notice\\\/#primaryimage\"},\"thumbnailUrl\":\"https:\\\/\\\/www.mindlab.hr\\\/wp-content\\\/uploads\\\/2024\\\/11\\\/placeholder-default.png\",\"datePublished\":\"2024-02-13T13:55:11+00:00\",\"dateModified\":\"2024-11-21T13:08:53+00:00\",\"breadcrumb\":{\"@id\":\"https:\\\/\\\/www.mindlab.hr\\\/en\\\/cookie-notice\\\/#breadcrumb\"},\"inLanguage\":\"en-US\",\"potentialAction\":[{\"@type\":\"ReadAction\",\"target\":[\"https:\\\/\\\/www.mindlab.hr\\\/en\\\/cookie-notice\\\/\"]}]},{\"@type\":\"ImageObject\",\"inLanguage\":\"en-US\",\"@id\":\"https:\\\/\\\/www.mindlab.hr\\\/en\\\/cookie-notice\\\/#primaryimage\",\"url\":\"https:\\\/\\\/www.mindlab.hr\\\/wp-content\\\/uploads\\\/2024\\\/11\\\/placeholder-default.png\",\"contentUrl\":\"https:\\\/\\\/www.mindlab.hr\\\/wp-content\\\/uploads\\\/2024\\\/11\\\/placeholder-default.png\",\"width\":1920,\"height\":1080},{\"@type\":\"BreadcrumbList\",\"@id\":\"https:\\\/\\\/www.mindlab.hr\\\/en\\\/cookie-notice\\\/#breadcrumb\",\"itemListElement\":[{\"@type\":\"ListItem\",\"position\":1,\"name\":\"Po\u010detna stranica\",\"item\":\"https:\\\/\\\/www.mindlab.hr\\\/en\\\/\"},{\"@type\":\"ListItem\",\"position\":2,\"name\":\"Cookie notice\"}]},{\"@type\":\"WebSite\",\"@id\":\"https:\\\/\\\/www.mindlab.hr\\\/en\\\/#website\",\"url\":\"https:\\\/\\\/www.mindlab.hr\\\/en\\\/\",\"name\":\"Mind Lab\",\"description\":\"\",\"publisher\":{\"@id\":\"https:\\\/\\\/www.mindlab.hr\\\/en\\\/#organization\"},\"potentialAction\":[{\"@type\":\"SearchAction\",\"target\":{\"@type\":\"EntryPoint\",\"urlTemplate\":\"https:\\\/\\\/www.mindlab.hr\\\/en\\\/?s={search_term_string}\"},\"query-input\":{\"@type\":\"PropertyValueSpecification\",\"valueRequired\":true,\"valueName\":\"search_term_string\"}}],\"inLanguage\":\"en-US\"},{\"@type\":\"Organization\",\"@id\":\"https:\\\/\\\/www.mindlab.hr\\\/en\\\/#organization\",\"name\":\"Mind Lab Website\",\"url\":\"https:\\\/\\\/www.mindlab.hr\\\/en\\\/\",\"logo\":{\"@type\":\"ImageObject\",\"inLanguage\":\"en-US\",\"@id\":\"https:\\\/\\\/www.mindlab.hr\\\/en\\\/#\\\/schema\\\/logo\\\/image\\\/\",\"url\":\"http:\\\/\\\/www.mindlab.hr\\\/wp-content\\\/uploads\\\/2024\\\/02\\\/mindlab-logo.png\",\"contentUrl\":\"http:\\\/\\\/www.mindlab.hr\\\/wp-content\\\/uploads\\\/2024\\\/02\\\/mindlab-logo.png\",\"width\":780,\"height\":218,\"caption\":\"Mind Lab Website\"},\"image\":{\"@id\":\"https:\\\/\\\/www.mindlab.hr\\\/en\\\/#\\\/schema\\\/logo\\\/image\\\/\"},\"sameAs\":[\"https:\\\/\\\/www.facebook.com\\\/mindlab.doo\\\/\",\"https:\\\/\\\/x.com\\\/MindLab_doo\",\"https:\\\/\\\/www.linkedin.com\\\/company\\\/mindlabdoo\\\/\",\"https:\\\/\\\/www.youtube.com\\\/channel\\\/UCLw8WedBjg9L8zX8uOsoH0g\"]}]}<\/script>\n<!-- \/ Yoast SEO plugin. -->","yoast_head_json":{"title":"Cookie notice - Mind Lab","robots":{"index":"index","follow":"follow","max-snippet":"max-snippet:-1","max-image-preview":"max-image-preview:large","max-video-preview":"max-video-preview:-1"},"canonical":"https:\/\/www.mindlab.hr\/en\/cookie-notice\/","og_locale":"en_US","og_type":"article","og_title":"Cookie notice - Mind Lab","og_description":"www.mindlab.hr (hereinafter: pages) uses the so-called \"cookies\" ( eng. cookies ). U tekstu u nastavku mo\u017eete saznati vi\u0161e o kola\u010di\u0107ima, kako ih koristimo i kako ih mo\u017eete kontrolirati. Kako bi stranice radile ispravno, te kako bi ih se moglo unaprje\u0111ivati u svrhu pobolj\u0161anja Va\u0161eg korisni\u010dkog iskustva, potrebno je minimalnu koli\u010dinu informacija (kola\u010di\u0107e) spremiti na Va\u0161e [&hellip;]","og_url":"https:\/\/www.mindlab.hr\/en\/cookie-notice\/","og_site_name":"Mind Lab","article_publisher":"https:\/\/www.facebook.com\/mindlab.doo\/","article_modified_time":"2024-11-21T13:08:53+00:00","og_image":[{"width":1920,"height":1080,"url":"https:\/\/www.mindlab.hr\/wp-content\/uploads\/2024\/11\/placeholder-default.png","type":"image\/png"}],"twitter_card":"summary_large_image","twitter_site":"@MindLab_doo","twitter_misc":{"Est. reading time":"7 minutes"},"schema":{"@context":"https:\/\/schema.org","@graph":[{"@type":"WebPage","@id":"https:\/\/www.mindlab.hr\/en\/cookie-notice\/","url":"https:\/\/www.mindlab.hr\/en\/cookie-notice\/","name":"Cookie notice - Mind Lab","isPartOf":{"@id":"https:\/\/www.mindlab.hr\/en\/#website"},"primaryImageOfPage":{"@id":"https:\/\/www.mindlab.hr\/en\/cookie-notice\/#primaryimage"},"image":{"@id":"https:\/\/www.mindlab.hr\/en\/cookie-notice\/#primaryimage"},"thumbnailUrl":"https:\/\/www.mindlab.hr\/wp-content\/uploads\/2024\/11\/placeholder-default.png","datePublished":"2024-02-13T13:55:11+00:00","dateModified":"2024-11-21T13:08:53+00:00","breadcrumb":{"@id":"https:\/\/www.mindlab.hr\/en\/cookie-notice\/#breadcrumb"},"inLanguage":"en-US","potentialAction":[{"@type":"ReadAction","target":["https:\/\/www.mindlab.hr\/en\/cookie-notice\/"]}]},{"@type":"ImageObject","inLanguage":"en-US","@id":"https:\/\/www.mindlab.hr\/en\/cookie-notice\/#primaryimage","url":"https:\/\/www.mindlab.hr\/wp-content\/uploads\/2024\/11\/placeholder-default.png","contentUrl":"https:\/\/www.mindlab.hr\/wp-content\/uploads\/2024\/11\/placeholder-default.png","width":1920,"height":1080},{"@type":"BreadcrumbList","@id":"https:\/\/www.mindlab.hr\/en\/cookie-notice\/#breadcrumb","itemListElement":[{"@type":"ListItem","position":1,"name":"Po\u010detna stranica","item":"https:\/\/www.mindlab.hr\/en\/"},{"@type":"ListItem","position":2,"name":"Cookie notice"}]},{"@type":"WebSite","@id":"https:\/\/www.mindlab.hr\/en\/#website","url":"https:\/\/www.mindlab.hr\/en\/","name":"Mind Lab","description":"","publisher":{"@id":"https:\/\/www.mindlab.hr\/en\/#organization"},"potentialAction":[{"@type":"SearchAction","target":{"@type":"EntryPoint","urlTemplate":"https:\/\/www.mindlab.hr\/en\/?s={search_term_string}"},"query-input":{"@type":"PropertyValueSpecification","valueRequired":true,"valueName":"search_term_string"}}],"inLanguage":"en-US"},{"@type":"Organization","@id":"https:\/\/www.mindlab.hr\/en\/#organization","name":"Mind Lab Website","url":"https:\/\/www.mindlab.hr\/en\/","logo":{"@type":"ImageObject","inLanguage":"en-US","@id":"https:\/\/www.mindlab.hr\/en\/#\/schema\/logo\/image\/","url":"http:\/\/www.mindlab.hr\/wp-content\/uploads\/2024\/02\/mindlab-logo.png","contentUrl":"http:\/\/www.mindlab.hr\/wp-content\/uploads\/2024\/02\/mindlab-logo.png","width":780,"height":218,"caption":"Mind Lab Website"},"image":{"@id":"https:\/\/www.mindlab.hr\/en\/#\/schema\/logo\/image\/"},"sameAs":["https:\/\/www.facebook.com\/mindlab.doo\/","https:\/\/x.com\/MindLab_doo","https:\/\/www.linkedin.com\/company\/mindlabdoo\/","https:\/\/www.youtube.com\/channel\/UCLw8WedBjg9L8zX8uOsoH0g"]}]}},"_links":{"self":[{"href":"https:\/\/www.mindlab.hr\/en\/wp-json\/wp\/v2\/pages\/7461","targetHints":{"allow":["GET"]}}],"collection":[{"href":"https:\/\/www.mindlab.hr\/en\/wp-json\/wp\/v2\/pages"}],"about":[{"href":"https:\/\/www.mindlab.hr\/en\/wp-json\/wp\/v2\/types\/page"}],"author":[{"embeddable":true,"href":"https:\/\/www.mindlab.hr\/en\/wp-json\/wp\/v2\/users\/1"}],"replies":[{"embeddable":true,"href":"https:\/\/www.mindlab.hr\/en\/wp-json\/wp\/v2\/comments?post=7461"}],"version-history":[{"count":1,"href":"https:\/\/www.mindlab.hr\/en\/wp-json\/wp\/v2\/pages\/7461\/revisions"}],"predecessor-version":[{"id":10330,"href":"https:\/\/www.mindlab.hr\/en\/wp-json\/wp\/v2\/pages\/7461\/revisions\/10330"}],"wp:featuredmedia":[{"embeddable":true,"href":"https:\/\/www.mindlab.hr\/en\/wp-json\/wp\/v2\/media\/10193"}],"wp:attachment":[{"href":"https:\/\/www.mindlab.hr\/en\/wp-json\/wp\/v2\/media?parent=7461"}],"wp:term":[{"taxonomy":"category","embeddable":true,"href":"https:\/\/www.mindlab.hr\/en\/wp-json\/wp\/v2\/categories?post=7461"},{"taxonomy":"post_tag","embeddable":true,"href":"https:\/\/www.mindlab.hr\/en\/wp-json\/wp\/v2\/tags?post=7461"}],"curies":[{"name":"wp","href":"https:\/\/api.w.org\/{rel}","templated":true}]}}